{"id":13,"date":"2026-01-23T16:35:42","date_gmt":"2026-01-23T21:35:42","guid":{"rendered":"https:\/\/prueba.giohome.com.co\/?page_id=13"},"modified":"2026-01-23T16:49:17","modified_gmt":"2026-01-23T21:49:17","slug":"reembolso_devoluciones","status":"publish","type":"page","link":"https:\/\/prueba.giohome.com.co\/es\/reembolso_devoluciones\/","title":{"rendered":"Pol\u00edtica de devoluciones y reembolsos"},"content":{"rendered":"<p><strong>ANULACI\u00d3N DE LA COMPRA<\/strong><br>Derecho de retracto ley 1480 de 2011.<\/p>\n\n\n\n<p>El estatuto del consumidor ha dispuesto en su art\u00edculo 47, el derecho a retractarse de una compra generada por medios no convencionales como lo son la p\u00e1gina web https:www.giohome.com.co y productos adquiridos por nuestra l\u00ednea de ventas telef\u00f3nicas. <a href=\"https:\/\/prueba.giohome.com.co\/es\/reembolso_devoluciones\/\" data-type=\"page\" data-id=\"13\">Pol\u00edtica de devoluciones y reembolsos<\/a><\/p>\n\n\n\n<p>Requisitos para ejercer el derecho al retracto de compra:.<\/p>\n\n\n\n<ul class=\"wp-block-list\">\n<li>El t\u00e9rmino m\u00e1ximo para ejercer el derecho de retracto ser\u00e1 de cinco (5) d\u00edas h\u00e1biles contados a partir de la entrega del producto<\/li>\n\n\n\n<li>El producto debe estar en empaque original, sin haber sido armado y\/o utilizado.<\/li>\n\n\n\n<li>Puede comunicarse con nuestras l\u00edneas de servicio al cliente en Cali (+57) 323 4252128 , \u00f3 enviarnos un correo electr\u00f3nico a info@giohome.com.co<\/li>\n\n\n\n<li>La devoluci\u00f3n del dinero se realizar\u00e1 por medio de transferencia electr\u00f3nica en un tiempo no mayor a 30 d\u00edas calendario desde el momento en que ejerci\u00f3 el derecho.<\/li>\n\n\n\n<li>Si pag\u00f3 servicio de transporte, al ejercer el derecho de retracto, debe pagar el valor del flete de devoluci\u00f3n del producto.<\/li>\n<\/ul>","protected":false},"excerpt":{"rendered":"<p>ANULACI\u00d3N DE LA COMPRADerecho de retracto ley 1480 de 2011. El estatuto del consumidor ha dispuesto en su art\u00edculo 47, el derecho a retractarse de una compra generada por medios no convencionales como lo son la p\u00e1gina web https:www.giohome.com.co y productos adquiridos por nuestra l\u00ednea de ventas telef\u00f3nicas. Pol\u00edtica de devoluciones y reembolsos Requisitos para [&hellip;]<\/p>","protected":false},"author":2,"featured_media":0,"parent":0,"menu_order":0,"comment_status":"closed","ping_status":"closed","template":"","meta":{"footnotes":""},"class_list":["post-13","page","type-page","status-publish","hentry"],"_hostinger_reach_plugin_has_subscription_block":false,"_hostinger_reach_plugin_is_elementor":false,"_links":{"self":[{"href":"https:\/\/prueba.giohome.com.co\/es\/wp-json\/wp\/v2\/pages\/13","targetHints":{"allow":["GET"]}}],"collection":[{"href":"https:\/\/prueba.giohome.com.co\/es\/wp-json\/wp\/v2\/pages"}],"about":[{"href":"https:\/\/prueba.giohome.com.co\/es\/wp-json\/wp\/v2\/types\/page"}],"author":[{"embeddable":true,"href":"https:\/\/prueba.giohome.com.co\/es\/wp-json\/wp\/v2\/users\/2"}],"replies":[{"embeddable":true,"href":"https:\/\/prueba.giohome.com.co\/es\/wp-json\/wp\/v2\/comments?post=13"}],"version-history":[{"count":2,"href":"https:\/\/prueba.giohome.com.co\/es\/wp-json\/wp\/v2\/pages\/13\/revisions"}],"predecessor-version":[{"id":4322,"href":"https:\/\/prueba.giohome.com.co\/es\/wp-json\/wp\/v2\/pages\/13\/revisions\/4322"}],"wp:attachment":[{"href":"https:\/\/prueba.giohome.com.co\/es\/wp-json\/wp\/v2\/media?parent=13"}],"curies":[{"name":"wp","href":"https:\/\/api.w.org\/{rel}","templated":true}]}}