{"id":1863,"date":"2018-05-23T12:37:49","date_gmt":"2018-05-23T12:37:49","guid":{"rendered":"http:\/\/localhost\/cocoon-wp\/?page_id=1863"},"modified":"2026-01-27T10:26:11","modified_gmt":"2026-01-27T15:26:11","slug":"about","status":"publish","type":"page","link":"https:\/\/prueba.giohome.com.co\/es\/about\/","title":{"rendered":"Sobre Nosotros"},"content":{"rendered":"<div class=\"wpb-content-wrapper\"><div class=\"vc_row wpb_row vc_row-fluid\"><div class=\"wpb_column vc_column_container vc_col-sm-2\"><div class=\"vc_column-inner\"><div class=\"wpb_wrapper\"><\/div><\/div><\/div><div class=\"wpb_column vc_column_container vc_col-sm-8\"><div class=\"vc_column-inner\"><div class=\"wpb_wrapper\"><h3 style=\"color: #A07F73;text-align: center\" class=\"vc_custom_heading vc_do_custom_heading vc_custom_1769100829256\" >Con\u00f3cenos...<\/h3><p style=\"text-align: justify\" class=\"vc_custom_heading vc_do_custom_heading vc_custom_1769527512095\" >Gio Home es una empresa 100% colombiana que pone el coraz\u00f3n en cada detalle para transformar tus espacios en reflejos de tu estilo personal y confort. En Gio Home, entendemos que tu hogar es mucho m\u00e1s que un lugar donde vives; es un santuario de paz, estilo y funcionalidad. Por eso, nuestra marca se inspira en la armon\u00eda y el dise\u00f1o para ofrecerte una experiencia de decoraci\u00f3n \u00fanica que se adapta a las diferentes \u00e9pocas del a\u00f1o y a los gustos m\u00e1s diversos.<\/p><div class=\"cocoon-banner\"><div class=\"banner-content\"><img loading=\"lazy\" decoding=\"async\" width=\"1200\" height=\"784\" src=\"https:\/\/prueba.giohome.com.co\/wp-content\/themes\/cocoon\/assets\/images\/transparent.png\" class=\"attachment-full size-full lazy\" alt=\"\" srcset=\"https:\/\/prueba.giohome.com.co\/wp-content\/uploads\/2026\/01\/arbolnavidadcategoria.webp 1200w, https:\/\/prueba.giohome.com.co\/wp-content\/uploads\/2026\/01\/arbolnavidadcategoria-300x196.webp 300w, https:\/\/prueba.giohome.com.co\/wp-content\/uploads\/2026\/01\/arbolnavidadcategoria-1024x669.webp 1024w, https:\/\/prueba.giohome.com.co\/wp-content\/uploads\/2026\/01\/arbolnavidadcategoria-768x502.webp 768w, https:\/\/prueba.giohome.com.co\/wp-content\/uploads\/2026\/01\/arbolnavidadcategoria-600x392.webp 600w\" sizes=\"auto, (max-width: 1200px) 100vw, 1200px\" data-original=\"https:\/\/prueba.giohome.com.co\/wp-content\/uploads\/2026\/01\/arbolnavidadcategoria.webp\" data-lazy=\"https:\/\/prueba.giohome.com.co\/wp-content\/uploads\/2026\/01\/arbolnavidadcategoria.webp\" \/><\/div><\/div><\/div><\/div><\/div><div class=\"wpb_column vc_column_container vc_col-sm-2\"><div class=\"vc_column-inner\"><div class=\"wpb_wrapper\"><\/div><\/div><\/div><\/div><div data-vc-full-width=\"true\" data-vc-full-width-init=\"false\" class=\"vc_row wpb_row vc_row-fluid vc_custom_1529938550383 vc_row-has-fill\"><div class=\"wpb_column vc_column_container vc_col-sm-6\"><div class=\"vc_column-inner vc_custom_1529938611762\"><div class=\"wpb_wrapper\"><h4 style=\"color: #A07F73;text-align: center\" class=\"vc_custom_heading vc_do_custom_heading\" >Envi\u00f3 a Nivel Nacional<\/h4><p style=\"text-align: justify\" class=\"vc_custom_heading vc_do_custom_heading\" >Aprovecha nuestro servicio de env\u00edo con las mejores transportadoras a nivel nacional. R\u00e1pido y seguro \u00a1Recibe tus productos en la puerta de tu casa sin complicaciones!<\/p><div class=\"vc_empty_space\"   style=\"height: 10px\"><span class=\"vc_empty_space_inner\"><\/span><\/div>\n\t<div  class=\"wpb_single_image wpb_content_element vc_align_center wpb_content_element\">\n\t\t\n\t\t<figure class=\"wpb_wrapper vc_figure\">\n\t\t\t<div class=\"vc_single_image-wrapper vc_box_shadow  vc_box_border_grey\"><img loading=\"lazy\" decoding=\"async\" width=\"1200\" height=\"930\" src=\"https:\/\/prueba.giohome.com.co\/wp-content\/uploads\/2026\/01\/logistica.webp\" class=\"vc_single_image-img attachment-full\" alt=\"\" title=\"logistica\" srcset=\"https:\/\/prueba.giohome.com.co\/wp-content\/uploads\/2026\/01\/logistica.webp 1200w, https:\/\/prueba.giohome.com.co\/wp-content\/uploads\/2026\/01\/logistica-300x233.webp 300w, https:\/\/prueba.giohome.com.co\/wp-content\/uploads\/2026\/01\/logistica-1024x794.webp 1024w, https:\/\/prueba.giohome.com.co\/wp-content\/uploads\/2026\/01\/logistica-768x595.webp 768w, https:\/\/prueba.giohome.com.co\/wp-content\/uploads\/2026\/01\/logistica-600x465.webp 600w\" sizes=\"auto, (max-width: 1200px) 100vw, 1200px\" \/><\/div>\n\t\t<\/figure>\n\t<\/div>\n<\/div><\/div><\/div><div class=\"wpb_column vc_column_container vc_col-sm-6\"><div class=\"vc_column-inner vc_custom_1529938620230\"><div class=\"wpb_wrapper\">\n\t<div  class=\"wpb_single_image wpb_content_element vc_align_center wpb_content_element\">\n\t\t\n\t\t<figure class=\"wpb_wrapper vc_figure\">\n\t\t\t<div class=\"vc_single_image-wrapper vc_box_shadow  vc_box_border_grey\"><img loading=\"lazy\" decoding=\"async\" width=\"1200\" height=\"971\" src=\"https:\/\/prueba.giohome.com.co\/wp-content\/uploads\/2026\/01\/pagoseguro.webp\" class=\"vc_single_image-img attachment-full\" alt=\"\" title=\"pagoseguro\" srcset=\"https:\/\/prueba.giohome.com.co\/wp-content\/uploads\/2026\/01\/pagoseguro.webp 1200w, https:\/\/prueba.giohome.com.co\/wp-content\/uploads\/2026\/01\/pagoseguro-300x243.webp 300w, https:\/\/prueba.giohome.com.co\/wp-content\/uploads\/2026\/01\/pagoseguro-1024x829.webp 1024w, https:\/\/prueba.giohome.com.co\/wp-content\/uploads\/2026\/01\/pagoseguro-768x621.webp 768w, https:\/\/prueba.giohome.com.co\/wp-content\/uploads\/2026\/01\/pagoseguro-600x486.webp 600w\" sizes=\"auto, (max-width: 1200px) 100vw, 1200px\" \/><\/div>\n\t\t<\/figure>\n\t<\/div>\n<h4 style=\"color: #A07F73;text-align: center\" class=\"vc_custom_heading vc_do_custom_heading\" >Pago Seguro<\/h4><p style=\"text-align: justify\" class=\"vc_custom_heading vc_do_custom_heading\" >Realiza tus compras con total confianza. Protecci\u00f3n avanzada y transacciones seguras garantizan tu tranquilidad en cada compra. \u00a1Compra sin preocupaciones!<\/p><\/div><\/div><\/div><\/div><div class=\"vc_row-full-width vc_clearfix\"><\/div><div class=\"vc_row wpb_row vc_row-fluid vc_custom_1529949047362\"><div class=\"wpb_column vc_column_container vc_col-sm-12\"><div class=\"vc_column-inner vc_custom_1529948931096\"><div class=\"wpb_wrapper\"><h3 style=\"text-align: center\" class=\"vc_custom_heading vc_do_custom_heading vc_custom_1769101936911\" >Opiniones de nuestros clientes<\/h3>\r\n        <div class=\"testimonial-cards tcards-parent\">\r\n            <div class=\"tcards-content\"><div class=\"testimonial-card\"><div class=\"testimonial-message\" >\r\n            <h6 >\u00a1Me encanto mi \u00e1rbol de Navidad! Se nota la calidad y el detalle en cada rama.<\/h6>\r\n            <\/div><div class=\"testimonial-header\">\r\n              <div class=\"image\"><img loading=\"lazy\" decoding=\"async\" width=\"100\" height=\"100\" src=\"https:\/\/prueba.giohome.com.co\/wp-content\/uploads\/2018\/06\/testimonial4.jpg\" class=\"attachment-full\" alt=\"\" title=\"testimonial4\" \/><\/div>\r\n              <h4 class=\"name\" >Carlos Restrepo<\/h4>\r\n              <p class=\"job\" ><\/p>\r\n          <\/div><\/div><div class=\"testimonial-card\"><div class=\"testimonial-message\" >\r\n            <h6 >Me da mucha felicidad saber que estoy apoyando el trabajo de mujeres colombianas.<\/h6>\r\n            <\/div><div class=\"testimonial-header\">\r\n              <div class=\"image\"><img loading=\"lazy\" decoding=\"async\" width=\"100\" height=\"100\" src=\"https:\/\/prueba.giohome.com.co\/wp-content\/uploads\/2018\/06\/testimonial1.jpg\" class=\"attachment-full\" alt=\"\" title=\"testimonial1\" \/><\/div>\r\n              <h4 class=\"name\" >Adriana Morales<\/h4>\r\n              <p class=\"job\" ><\/p>\r\n          <\/div><\/div><div class=\"testimonial-card\"><div class=\"testimonial-message\" >\r\n            <h6 >Las plantas artificiales de Gio Home parecen totalmente reales<\/h6>\r\n            <\/div><div class=\"testimonial-header\">\r\n              <div class=\"image\"><img loading=\"lazy\" decoding=\"async\" width=\"100\" height=\"100\" src=\"https:\/\/prueba.giohome.com.co\/wp-content\/uploads\/2018\/06\/testimonial2.jpg\" class=\"attachment-full\" alt=\"\" title=\"testimonial2\" \/><\/div>\r\n              <h4 class=\"name\" >Mauricio Arango<\/h4>\r\n              <p class=\"job\" ><\/p>\r\n          <\/div><\/div><div class=\"testimonial-card\"><div class=\"testimonial-message\" >\r\n            <h6 >El proceso de compra fue muy sencillo y el env\u00edo lleg\u00f3 perfecto.<\/h6>\r\n            <\/div><div class=\"testimonial-header\">\r\n              <div class=\"image\"><img loading=\"lazy\" decoding=\"async\" width=\"100\" height=\"100\" src=\"https:\/\/prueba.giohome.com.co\/wp-content\/uploads\/2018\/06\/testimonial3.jpg\" class=\"attachment-full\" alt=\"\" title=\"testimonial3\" \/><\/div>\r\n              <h4 class=\"name\" >Sandra Milena<\/h4>\r\n              <p class=\"job\" ><\/p>\r\n          <\/div><\/div><div class=\"testimonial-card\"><div class=\"testimonial-message\" >\r\n            <h6 >La garant\u00eda de 5 a\u00f1os me dio mucha tranquilidad para comprar.<\/h6>\r\n            <\/div><div class=\"testimonial-header\">\r\n              <div class=\"image\"><img loading=\"lazy\" decoding=\"async\" width=\"100\" height=\"100\" src=\"https:\/\/prueba.giohome.com.co\/wp-content\/uploads\/2018\/06\/testimonial5.jpg\" class=\"attachment-full\" alt=\"\" title=\"testimonial5\" \/><\/div>\r\n              <h4 class=\"name\" >Camilo Herrera<\/h4>\r\n              <p class=\"job\" ><\/p>\r\n          <\/div><\/div><\/div>\r\n        <\/div><\/div><\/div><\/div><\/div>\n<\/div>","protected":false},"excerpt":{"rendered":"Con\u00f3cenos...Gio Home es una empresa 100% colombiana que pone el coraz\u00f3n en cada detalle para transformar tus espacios en reflejos de tu estilo personal y confort. En Gio Home, entendemos que tu hogar es mucho m\u00e1s que un lugar donde vives; es un santuario de paz, estilo y funcionalidad. Por eso, nuestra marca se inspira [...]","protected":false},"author":2,"featured_media":2565,"parent":0,"menu_order":0,"comment_status":"closed","ping_status":"closed","template":"","meta":{"footnotes":""},"class_list":["post-1863","page","type-page","status-publish","has-post-thumbnail","hentry"],"_hostinger_reach_plugin_has_subscription_block":false,"_hostinger_reach_plugin_is_elementor":false,"_links":{"self":[{"href":"https:\/\/prueba.giohome.com.co\/es\/wp-json\/wp\/v2\/pages\/1863","targetHints":{"allow":["GET"]}}],"collection":[{"href":"https:\/\/prueba.giohome.com.co\/es\/wp-json\/wp\/v2\/pages"}],"about":[{"href":"https:\/\/prueba.giohome.com.co\/es\/wp-json\/wp\/v2\/types\/page"}],"author":[{"embeddable":true,"href":"https:\/\/prueba.giohome.com.co\/es\/wp-json\/wp\/v2\/users\/2"}],"replies":[{"embeddable":true,"href":"https:\/\/prueba.giohome.com.co\/es\/wp-json\/wp\/v2\/comments?post=1863"}],"version-history":[{"count":10,"href":"https:\/\/prueba.giohome.com.co\/es\/wp-json\/wp\/v2\/pages\/1863\/revisions"}],"predecessor-version":[{"id":15179,"href":"https:\/\/prueba.giohome.com.co\/es\/wp-json\/wp\/v2\/pages\/1863\/revisions\/15179"}],"wp:featuredmedia":[{"embeddable":true,"href":"https:\/\/prueba.giohome.com.co\/es\/wp-json\/wp\/v2\/media\/2565"}],"wp:attachment":[{"href":"https:\/\/prueba.giohome.com.co\/es\/wp-json\/wp\/v2\/media?parent=1863"}],"curies":[{"name":"wp","href":"https:\/\/api.w.org\/{rel}","templated":true}]}}