{"id":3000,"date":"2026-01-21T21:02:32","date_gmt":"2026-01-21T21:02:32","guid":{"rendered":"https:\/\/prueba.giohome.com.co\/?post_type=product&#038;p=3000"},"modified":"2026-01-21T21:05:47","modified_gmt":"2026-01-21T21:05:47","slug":"arbol-de-navidad-pino-atlantic","status":"publish","type":"product","link":"https:\/\/prueba.giohome.com.co\/es\/producto\/arbol-de-navidad-pino-atlantic\/","title":{"rendered":"ARBOL DE NAVIDAD PINO ATLANTIC"},"content":{"rendered":"<p>Nuestro Hermoso Arbol de Navidad Decorativo Pino Atlantic artificial ideal para decorar el espacio de tu preferencia sea hogar u oficina durante las festividades, construido con fuerte base met\u00e1lica lo cual da una excelente estabilidad, sus ramas independientes elaboradas en material PVC de color verde, amigable con el medio ambiente hacen que se vea frondoso y natural, el tronco viene en dos partes lo cual facilita el armado f\u00e1cil y r\u00e1pido asi como su almacenamiento. Su acabado de alta calidad hace que sea un arbol duradero en el tiempo. Empacado en una caja resistente la cual se puede guardar manteniendo el \u00e1rbol en perfecto estado para un pr\u00f3ximo a\u00f1o. Tenga en cuenta que se requiere abrir bien las ramas y darles forma durante el montaje para lograr la frondosidad y realidad deseada.<\/p>","protected":false},"excerpt":{"rendered":"<p>Garantia 5 a\u00f1os<\/p>\n<p>Material PVC resistente para mayor duraci\u00f3n<\/p>\n<p>Base met\u00e1lica resistente y estable<\/p>\n<p>Ramas articuladas para una f\u00e1cil y r\u00e1pida instalaci\u00f3n<\/p>\n<p>Fabricado en Colombia<\/p>","protected":false},"featured_media":3034,"comment_status":"closed","ping_status":"closed","template":"","meta":[],"product_brand":[],"product_cat":[175],"product_tag":[],"class_list":{"0":"post-3000","1":"product","2":"type-product","3":"status-publish","4":"has-post-thumbnail","6":"product_cat-arboles-de-navidad","8":"first","9":"instock","10":"sale","11":"purchasable","12":"product-type-variable","13":"col-md-3","14":" col-sm-6 col-12"},"_links":{"self":[{"href":"https:\/\/prueba.giohome.com.co\/es\/wp-json\/wp\/v2\/product\/3000","targetHints":{"allow":["GET"]}}],"collection":[{"href":"https:\/\/prueba.giohome.com.co\/es\/wp-json\/wp\/v2\/product"}],"about":[{"href":"https:\/\/prueba.giohome.com.co\/es\/wp-json\/wp\/v2\/types\/product"}],"replies":[{"embeddable":true,"href":"https:\/\/prueba.giohome.com.co\/es\/wp-json\/wp\/v2\/comments?post=3000"}],"wp:featuredmedia":[{"embeddable":true,"href":"https:\/\/prueba.giohome.com.co\/es\/wp-json\/wp\/v2\/media\/3034"}],"wp:attachment":[{"href":"https:\/\/prueba.giohome.com.co\/es\/wp-json\/wp\/v2\/media?parent=3000"}],"wp:term":[{"taxonomy":"product_brand","embeddable":true,"href":"https:\/\/prueba.giohome.com.co\/es\/wp-json\/wp\/v2\/product_brand?post=3000"},{"taxonomy":"product_cat","embeddable":true,"href":"https:\/\/prueba.giohome.com.co\/es\/wp-json\/wp\/v2\/product_cat?post=3000"},{"taxonomy":"product_tag","embeddable":true,"href":"https:\/\/prueba.giohome.com.co\/es\/wp-json\/wp\/v2\/product_tag?post=3000"}],"curies":[{"name":"wp","href":"https:\/\/api.w.org\/{rel}","templated":true}]}}