{"id":3001,"date":"2026-01-21T21:02:32","date_gmt":"2026-01-21T21:02:32","guid":{"rendered":"https:\/\/prueba.giohome.com.co\/?post_type=product&#038;p=3001"},"modified":"2026-01-21T21:05:47","modified_gmt":"2026-01-21T21:05:47","slug":"arbol-de-navidad-pino-escoces","status":"publish","type":"product","link":"https:\/\/prueba.giohome.com.co\/es\/producto\/arbol-de-navidad-pino-escoces\/","title":{"rendered":"ARBOL DE NAVIDAD PINO ESCOCES"},"content":{"rendered":"<p>El equilibrio perfecto entre clase y estilo, el Arbol de Navidad Pino Escoces es imponente, cuenta con un follaje verde claro de un perfil frondoso, ya sea que quieras un look tradicional de Navidad o un dise\u00f1o moderno este Arbol encender\u00e1 esa chispa de emoci\u00f3n navide\u00f1a. Dise\u00f1o de calidad, las ramas abundantes cuentan con una estructura de entrada y salida perfecta para que la luz brille sobre sus adornos. Las durables ramas de PVC cl\u00e1sicas dan un aspecto magnifico. Este Pino Escoces tiene un estilo el cual tu y t\u00fa familia podr\u00e1n apreciar durante a\u00f1os.<\/p>","protected":false},"excerpt":{"rendered":"<p>Garantia 5 a\u00f1os<\/p>\n<p>Material PVC resistente para mayor duraci\u00f3n<\/p>\n<p>Base met\u00e1lica resistente y estable<\/p>\n<p>Ramas articuladas para una f\u00e1cil y r\u00e1pida instalaci\u00f3n<\/p>\n<p>Fabricado en Colombia<\/p>","protected":false},"featured_media":3038,"comment_status":"closed","ping_status":"closed","template":"","meta":[],"product_brand":[],"product_cat":[175],"product_tag":[],"class_list":{"0":"post-3001","1":"product","2":"type-product","3":"status-publish","4":"has-post-thumbnail","6":"product_cat-arboles-de-navidad","8":"first","9":"instock","10":"sale","11":"purchasable","12":"product-type-variable","13":"col-md-3","14":" col-sm-6 col-12"},"_links":{"self":[{"href":"https:\/\/prueba.giohome.com.co\/es\/wp-json\/wp\/v2\/product\/3001","targetHints":{"allow":["GET"]}}],"collection":[{"href":"https:\/\/prueba.giohome.com.co\/es\/wp-json\/wp\/v2\/product"}],"about":[{"href":"https:\/\/prueba.giohome.com.co\/es\/wp-json\/wp\/v2\/types\/product"}],"replies":[{"embeddable":true,"href":"https:\/\/prueba.giohome.com.co\/es\/wp-json\/wp\/v2\/comments?post=3001"}],"wp:featuredmedia":[{"embeddable":true,"href":"https:\/\/prueba.giohome.com.co\/es\/wp-json\/wp\/v2\/media\/3038"}],"wp:attachment":[{"href":"https:\/\/prueba.giohome.com.co\/es\/wp-json\/wp\/v2\/media?parent=3001"}],"wp:term":[{"taxonomy":"product_brand","embeddable":true,"href":"https:\/\/prueba.giohome.com.co\/es\/wp-json\/wp\/v2\/product_brand?post=3001"},{"taxonomy":"product_cat","embeddable":true,"href":"https:\/\/prueba.giohome.com.co\/es\/wp-json\/wp\/v2\/product_cat?post=3001"},{"taxonomy":"product_tag","embeddable":true,"href":"https:\/\/prueba.giohome.com.co\/es\/wp-json\/wp\/v2\/product_tag?post=3001"}],"curies":[{"name":"wp","href":"https:\/\/api.w.org\/{rel}","templated":true}]}}