{"id":3005,"date":"2026-01-21T21:02:32","date_gmt":"2026-01-21T21:02:32","guid":{"rendered":"https:\/\/prueba.giohome.com.co\/?post_type=product&#038;p=3005"},"modified":"2026-01-21T21:05:47","modified_gmt":"2026-01-21T21:05:47","slug":"arbol-de-navidad-pino-siberiano","status":"publish","type":"product","link":"https:\/\/prueba.giohome.com.co\/es\/producto\/arbol-de-navidad-pino-siberiano\/","title":{"rendered":"ARBOL DE NAVIDAD PINO SIBERIANO"},"content":{"rendered":"<p>Este precioso Arbol de Navidad Pino Siberiano ofrece un exuberante follaje Blanco para que dejes volar tu imaginacion al momento de decorarlo. Construido con fuerte base met\u00e1lica blanca lo cual da una excelente estabilidad, sus ramas independientes elaboradas en material PVC de color blanco con vena plateada, hacen que se vea frondoso por su alta densidad, el tronco viene en dos partes lo cual facilita el armado f\u00e1cil y r\u00e1pido asi como su almacenamiento. Su acabado de alta calidad hace que sea un arbol duradero en el tiempo. Empacado en una caja resistente la cual se puede guardar manteniendo el \u00e1rbol en perfecto estado para un pr\u00f3ximo a\u00f1o. Tenga en cuenta que se requiere abrir bien las ramas y darles forma durante el montaje para lograr la frondosidad deseada.<\/p>","protected":false},"excerpt":{"rendered":"<p>Garant\u00eda 5 a\u00f1os<\/p>\n<p>Material PVC resistente, amigable con el medio ambiente, color blanco<\/p>\n<p>Base met\u00e1lica dando estabilidad y resistencia<\/p>\n<p>Ramas articuladas para una f\u00e1cil y r\u00e1pida instalaci\u00f3n<\/p>\n<p>Fabricado en Colombia<\/p>","protected":false},"featured_media":3050,"comment_status":"closed","ping_status":"closed","template":"","meta":[],"product_brand":[],"product_cat":[175],"product_tag":[176,177,178,179,180,181,182,183,184],"class_list":{"0":"post-3005","1":"product","2":"type-product","3":"status-publish","4":"has-post-thumbnail","6":"product_cat-arboles-de-navidad","7":"product_tag-adorno","8":"product_tag-arbol","9":"product_tag-arboles","10":"product_tag-decoracion","11":"product_tag-gio-home","12":"product_tag-hogar","13":"product_tag-navidad","14":"product_tag-temporada","15":"product_tag-tradicion","17":"first","18":"instock","19":"sale","20":"purchasable","21":"product-type-variable","22":"col-md-3","23":" col-sm-6 col-12"},"_links":{"self":[{"href":"https:\/\/prueba.giohome.com.co\/es\/wp-json\/wp\/v2\/product\/3005","targetHints":{"allow":["GET"]}}],"collection":[{"href":"https:\/\/prueba.giohome.com.co\/es\/wp-json\/wp\/v2\/product"}],"about":[{"href":"https:\/\/prueba.giohome.com.co\/es\/wp-json\/wp\/v2\/types\/product"}],"replies":[{"embeddable":true,"href":"https:\/\/prueba.giohome.com.co\/es\/wp-json\/wp\/v2\/comments?post=3005"}],"wp:featuredmedia":[{"embeddable":true,"href":"https:\/\/prueba.giohome.com.co\/es\/wp-json\/wp\/v2\/media\/3050"}],"wp:attachment":[{"href":"https:\/\/prueba.giohome.com.co\/es\/wp-json\/wp\/v2\/media?parent=3005"}],"wp:term":[{"taxonomy":"product_brand","embeddable":true,"href":"https:\/\/prueba.giohome.com.co\/es\/wp-json\/wp\/v2\/product_brand?post=3005"},{"taxonomy":"product_cat","embeddable":true,"href":"https:\/\/prueba.giohome.com.co\/es\/wp-json\/wp\/v2\/product_cat?post=3005"},{"taxonomy":"product_tag","embeddable":true,"href":"https:\/\/prueba.giohome.com.co\/es\/wp-json\/wp\/v2\/product_tag?post=3005"}],"curies":[{"name":"wp","href":"https:\/\/api.w.org\/{rel}","templated":true}]}}