{"id":3007,"date":"2026-01-21T21:02:32","date_gmt":"2026-01-21T21:02:32","guid":{"rendered":"https:\/\/prueba.giohome.com.co\/?post_type=product&#038;p=3007"},"modified":"2026-01-23T13:54:29","modified_gmt":"2026-01-23T18:54:29","slug":"arbol-de-navidad-pino-tropical","status":"publish","type":"product","link":"https:\/\/prueba.giohome.com.co\/es\/producto\/arbol-de-navidad-pino-tropical\/","title":{"rendered":"ARBOL DE NAVIDAD PINO TROPICAL"},"content":{"rendered":"<p>Hermoso Arbol de Navidad Pino Tropical artificial ideal para decorar junto a la familia o amigos durante las festividades. El material es PVC cl\u00e1sico de color verde oscuro, con picks de cerezas y vena caf\u00e9, el tronco viene en dos partes con ramas independientes, lo cual permite un armado f\u00e1cil y r\u00e1pido asi como su almacenamiento. Construido con partes met\u00e1licas como su base para mayor estabilidad y resistencia con acabado de alta calidad lo cual permite que la vida \u00fatil del \u00e1rbol sea mayor. Tener en cuenta que se requiere abrir bien las ramas y darles forma durante el montaje para un aspecto mas frondoso y real seg\u00fan lo deseado.<\/p>","protected":false},"excerpt":{"rendered":"<p>Garant\u00eda 5 a\u00f1os<\/p>\n<p>Material PVC resistente, amigable con el medio ambiente, cl\u00e1sico de color verde oscuro, con picks de cerezas y vena caf\u00e9<\/p>\n<p>Base met\u00e1lica para mayor estabilidad y resistencia<\/p>\n<p>Ramas articuladas para una f\u00e1cil y r\u00e1pida instalaci\u00f3n<\/p>\n<p>Fabricado en Colombia<\/p>","protected":false},"featured_media":3062,"comment_status":"closed","ping_status":"closed","template":"","meta":[],"product_brand":[],"product_cat":[175],"product_tag":[176,177,178,179,180,181,182,183,184],"class_list":{"0":"post-3007","1":"product","2":"type-product","3":"status-publish","4":"has-post-thumbnail","6":"product_cat-arboles-de-navidad","7":"product_tag-adorno","8":"product_tag-arbol","9":"product_tag-arboles","10":"product_tag-decoracion","11":"product_tag-gio-home","12":"product_tag-hogar","13":"product_tag-navidad","14":"product_tag-temporada","15":"product_tag-tradicion","17":"first","18":"instock","19":"sale","20":"purchasable","21":"product-type-variable","22":"col-md-3","23":" col-sm-6 col-12"},"_links":{"self":[{"href":"https:\/\/prueba.giohome.com.co\/es\/wp-json\/wp\/v2\/product\/3007","targetHints":{"allow":["GET"]}}],"collection":[{"href":"https:\/\/prueba.giohome.com.co\/es\/wp-json\/wp\/v2\/product"}],"about":[{"href":"https:\/\/prueba.giohome.com.co\/es\/wp-json\/wp\/v2\/types\/product"}],"replies":[{"embeddable":true,"href":"https:\/\/prueba.giohome.com.co\/es\/wp-json\/wp\/v2\/comments?post=3007"}],"wp:featuredmedia":[{"embeddable":true,"href":"https:\/\/prueba.giohome.com.co\/es\/wp-json\/wp\/v2\/media\/3062"}],"wp:attachment":[{"href":"https:\/\/prueba.giohome.com.co\/es\/wp-json\/wp\/v2\/media?parent=3007"}],"wp:term":[{"taxonomy":"product_brand","embeddable":true,"href":"https:\/\/prueba.giohome.com.co\/es\/wp-json\/wp\/v2\/product_brand?post=3007"},{"taxonomy":"product_cat","embeddable":true,"href":"https:\/\/prueba.giohome.com.co\/es\/wp-json\/wp\/v2\/product_cat?post=3007"},{"taxonomy":"product_tag","embeddable":true,"href":"https:\/\/prueba.giohome.com.co\/es\/wp-json\/wp\/v2\/product_tag?post=3007"}],"curies":[{"name":"wp","href":"https:\/\/api.w.org\/{rel}","templated":true}]}}