{"id":3023,"date":"2026-01-21T21:02:34","date_gmt":"2026-01-21T21:02:34","guid":{"rendered":"https:\/\/prueba.giohome.com.co\/?post_type=product&#038;p=3023"},"modified":"2026-01-21T21:04:32","modified_gmt":"2026-01-21T21:04:32","slug":"baston-45cms","status":"publish","type":"product","link":"https:\/\/prueba.giohome.com.co\/es\/producto\/baston-45cms\/","title":{"rendered":"BASTON 45CMS"},"content":{"rendered":"<p>Bast\u00f3n navide\u00f1o es una forma de decorar la casa en Navidad y darle un toque a la puerta de entrada o a la pared. Su color es verde oscuro y su material es PVC retardante de fuego. Con este bast\u00f3n podr\u00e1s decorar tu hogar y disfrutar de la temporada navide\u00f1a<\/p>","protected":false},"excerpt":{"rendered":"<p>Alto:45 cm<br \/>\nAncho\/Di\u00e1metro:40 cm<br \/>\nProfundidad:45 cm<br \/>\nMate<\/p>","protected":false},"featured_media":3094,"comment_status":"closed","ping_status":"closed","template":"","meta":[],"product_brand":[],"product_cat":[194],"product_tag":[191,179,182,195,196,184],"class_list":{"0":"post-3023","1":"product","2":"type-product","3":"status-publish","4":"has-post-thumbnail","6":"product_cat-ornamentos-navidenos","7":"product_tag-adornos","8":"product_tag-decoracion","9":"product_tag-navidad","10":"product_tag-ornamentos","11":"product_tag-ornamentos-navidenos","12":"product_tag-tradicion","14":"first","15":"instock","16":"sale","17":"shipping-taxable","18":"purchasable","19":"product-type-simple","20":"col-md-3","21":" col-sm-6 col-12"},"_links":{"self":[{"href":"https:\/\/prueba.giohome.com.co\/es\/wp-json\/wp\/v2\/product\/3023","targetHints":{"allow":["GET"]}}],"collection":[{"href":"https:\/\/prueba.giohome.com.co\/es\/wp-json\/wp\/v2\/product"}],"about":[{"href":"https:\/\/prueba.giohome.com.co\/es\/wp-json\/wp\/v2\/types\/product"}],"replies":[{"embeddable":true,"href":"https:\/\/prueba.giohome.com.co\/es\/wp-json\/wp\/v2\/comments?post=3023"}],"wp:featuredmedia":[{"embeddable":true,"href":"https:\/\/prueba.giohome.com.co\/es\/wp-json\/wp\/v2\/media\/3094"}],"wp:attachment":[{"href":"https:\/\/prueba.giohome.com.co\/es\/wp-json\/wp\/v2\/media?parent=3023"}],"wp:term":[{"taxonomy":"product_brand","embeddable":true,"href":"https:\/\/prueba.giohome.com.co\/es\/wp-json\/wp\/v2\/product_brand?post=3023"},{"taxonomy":"product_cat","embeddable":true,"href":"https:\/\/prueba.giohome.com.co\/es\/wp-json\/wp\/v2\/product_cat?post=3023"},{"taxonomy":"product_tag","embeddable":true,"href":"https:\/\/prueba.giohome.com.co\/es\/wp-json\/wp\/v2\/product_tag?post=3023"}],"curies":[{"name":"wp","href":"https:\/\/api.w.org\/{rel}","templated":true}]}}