{"id":3368,"date":"2026-01-21T21:10:46","date_gmt":"2026-01-21T21:10:46","guid":{"rendered":"https:\/\/prueba.giohome.com.co\/?post_type=product&#038;p=3368"},"modified":"2026-01-21T21:15:29","modified_gmt":"2026-01-21T21:15:29","slug":"mata-artificial-oreja-de-elefante-x8-de-120cm","status":"publish","type":"product","link":"https:\/\/prueba.giohome.com.co\/es\/producto\/mata-artificial-oreja-de-elefante-x8-de-120cm\/","title":{"rendered":"MATA ARTIFICIAL OREJA DE ELEFANTE X8 DE 120CM"},"content":{"rendered":"","protected":false},"excerpt":{"rendered":"<p>Dale un toque ex\u00f3tico y moderno a tu decoraci\u00f3n con la Mata Oreja de Elefante Artificial X8 de 120 cm. Sus hojas grandes y exuberantes imitan a la perfecci\u00f3n esta planta tropical, aportando frescura y estilo a cualquier ambiente. Transforma tu espacio con la belleza tropical y sofisticada de la Mata Oreja de Elefante Artificial. \u00a1El complemento perfecto para cualquier rinc\u00f3n de tu hogar u oficina!<\/p>","protected":false},"featured_media":3478,"comment_status":"closed","ping_status":"closed","template":"","meta":[],"product_brand":[],"product_cat":[239],"product_tag":[],"class_list":{"0":"post-3368","1":"product","2":"type-product","3":"status-publish","4":"has-post-thumbnail","6":"product_cat-plantas-artificiales","8":"first","9":"instock","10":"sale","11":"shipping-taxable","12":"purchasable","13":"product-type-simple","14":"col-md-3","15":" col-sm-6 col-12"},"_links":{"self":[{"href":"https:\/\/prueba.giohome.com.co\/es\/wp-json\/wp\/v2\/product\/3368","targetHints":{"allow":["GET"]}}],"collection":[{"href":"https:\/\/prueba.giohome.com.co\/es\/wp-json\/wp\/v2\/product"}],"about":[{"href":"https:\/\/prueba.giohome.com.co\/es\/wp-json\/wp\/v2\/types\/product"}],"replies":[{"embeddable":true,"href":"https:\/\/prueba.giohome.com.co\/es\/wp-json\/wp\/v2\/comments?post=3368"}],"wp:featuredmedia":[{"embeddable":true,"href":"https:\/\/prueba.giohome.com.co\/es\/wp-json\/wp\/v2\/media\/3478"}],"wp:attachment":[{"href":"https:\/\/prueba.giohome.com.co\/es\/wp-json\/wp\/v2\/media?parent=3368"}],"wp:term":[{"taxonomy":"product_brand","embeddable":true,"href":"https:\/\/prueba.giohome.com.co\/es\/wp-json\/wp\/v2\/product_brand?post=3368"},{"taxonomy":"product_cat","embeddable":true,"href":"https:\/\/prueba.giohome.com.co\/es\/wp-json\/wp\/v2\/product_cat?post=3368"},{"taxonomy":"product_tag","embeddable":true,"href":"https:\/\/prueba.giohome.com.co\/es\/wp-json\/wp\/v2\/product_tag?post=3368"}],"curies":[{"name":"wp","href":"https:\/\/api.w.org\/{rel}","templated":true}]}}