{"id":3369,"date":"2026-01-21T21:10:46","date_gmt":"2026-01-21T21:10:46","guid":{"rendered":"https:\/\/prueba.giohome.com.co\/?post_type=product&#038;p=3369"},"modified":"2026-01-21T21:15:57","modified_gmt":"2026-01-21T21:15:57","slug":"mata-artificial-oreja-de-elefante-x8-150cm","status":"publish","type":"product","link":"https:\/\/prueba.giohome.com.co\/es\/producto\/mata-artificial-oreja-de-elefante-x8-150cm\/","title":{"rendered":"MATA ARTIFICIAL OREJA DE ELEFANTE X8 150CM"},"content":{"rendered":"","protected":false},"excerpt":{"rendered":"<p>La Mata Oreja de Elefante artificial de 150 cm cuenta con 8 impresionantes hojas grandes y anchas, que imitan a la perfecci\u00f3n la apariencia tropical de esta planta ex\u00f3tica. Con su tama\u00f1o imponente y su dise\u00f1o realista, es ideal para crear un ambiente natural y sofisticado en cualquier espacio, ya sea en interiores o exteriores protegidos. A\u00f1ade un toque de frescura sin necesidad de cuidados, manteni\u00e9ndose siempre verde y vibrante, perfecta para quienes buscan una decoraci\u00f3n llamativa y sin complicaciones.<\/p>","protected":false},"featured_media":3489,"comment_status":"closed","ping_status":"closed","template":"","meta":[],"product_brand":[],"product_cat":[239],"product_tag":[],"class_list":{"0":"post-3369","1":"product","2":"type-product","3":"status-publish","4":"has-post-thumbnail","6":"product_cat-plantas-artificiales","8":"first","9":"instock","10":"sale","11":"shipping-taxable","12":"purchasable","13":"product-type-simple","14":"col-md-3","15":" col-sm-6 col-12"},"_links":{"self":[{"href":"https:\/\/prueba.giohome.com.co\/es\/wp-json\/wp\/v2\/product\/3369","targetHints":{"allow":["GET"]}}],"collection":[{"href":"https:\/\/prueba.giohome.com.co\/es\/wp-json\/wp\/v2\/product"}],"about":[{"href":"https:\/\/prueba.giohome.com.co\/es\/wp-json\/wp\/v2\/types\/product"}],"replies":[{"embeddable":true,"href":"https:\/\/prueba.giohome.com.co\/es\/wp-json\/wp\/v2\/comments?post=3369"}],"wp:featuredmedia":[{"embeddable":true,"href":"https:\/\/prueba.giohome.com.co\/es\/wp-json\/wp\/v2\/media\/3489"}],"wp:attachment":[{"href":"https:\/\/prueba.giohome.com.co\/es\/wp-json\/wp\/v2\/media?parent=3369"}],"wp:term":[{"taxonomy":"product_brand","embeddable":true,"href":"https:\/\/prueba.giohome.com.co\/es\/wp-json\/wp\/v2\/product_brand?post=3369"},{"taxonomy":"product_cat","embeddable":true,"href":"https:\/\/prueba.giohome.com.co\/es\/wp-json\/wp\/v2\/product_cat?post=3369"},{"taxonomy":"product_tag","embeddable":true,"href":"https:\/\/prueba.giohome.com.co\/es\/wp-json\/wp\/v2\/product_tag?post=3369"}],"curies":[{"name":"wp","href":"https:\/\/api.w.org\/{rel}","templated":true}]}}