{"id":3371,"date":"2026-01-21T21:10:46","date_gmt":"2026-01-21T21:10:46","guid":{"rendered":"https:\/\/prueba.giohome.com.co\/?post_type=product&#038;p=3371"},"modified":"2026-01-21T21:17:01","modified_gmt":"2026-01-21T21:17:01","slug":"mata-costilla-de-adan-artificial-x8-120cm","status":"publish","type":"product","link":"https:\/\/prueba.giohome.com.co\/es\/producto\/mata-costilla-de-adan-artificial-x8-120cm\/","title":{"rendered":"MATA COSTILLA DE ADAN ARTIFICIAL X8 120CM"},"content":{"rendered":"","protected":false},"excerpt":{"rendered":"<p>La Mata Costilla de Ad\u00e1n artificial de 120 cm es una pieza decorativa perfecta para quienes buscan agregar un toque ex\u00f3tico y moderno a su hogar u oficina. Con 8 hojas grandes y detalladas, esta planta imita a la perfecci\u00f3n la estructura \u00fanica de la popular Monstera, aportando frescura y estilo. Ideal para interiores o exteriores protegidos, su mantenimiento es nulo, ya que siempre se mantendr\u00e1 verde y vibrante, brindando belleza natural sin esfuerzo.<\/p>","protected":false},"featured_media":3511,"comment_status":"closed","ping_status":"closed","template":"","meta":[],"product_brand":[],"product_cat":[239],"product_tag":[],"class_list":{"0":"post-3371","1":"product","2":"type-product","3":"status-publish","4":"has-post-thumbnail","6":"product_cat-plantas-artificiales","8":"first","9":"instock","10":"sale","11":"shipping-taxable","12":"purchasable","13":"product-type-simple","14":"col-md-3","15":" col-sm-6 col-12"},"_links":{"self":[{"href":"https:\/\/prueba.giohome.com.co\/es\/wp-json\/wp\/v2\/product\/3371","targetHints":{"allow":["GET"]}}],"collection":[{"href":"https:\/\/prueba.giohome.com.co\/es\/wp-json\/wp\/v2\/product"}],"about":[{"href":"https:\/\/prueba.giohome.com.co\/es\/wp-json\/wp\/v2\/types\/product"}],"replies":[{"embeddable":true,"href":"https:\/\/prueba.giohome.com.co\/es\/wp-json\/wp\/v2\/comments?post=3371"}],"wp:featuredmedia":[{"embeddable":true,"href":"https:\/\/prueba.giohome.com.co\/es\/wp-json\/wp\/v2\/media\/3511"}],"wp:attachment":[{"href":"https:\/\/prueba.giohome.com.co\/es\/wp-json\/wp\/v2\/media?parent=3371"}],"wp:term":[{"taxonomy":"product_brand","embeddable":true,"href":"https:\/\/prueba.giohome.com.co\/es\/wp-json\/wp\/v2\/product_brand?post=3371"},{"taxonomy":"product_cat","embeddable":true,"href":"https:\/\/prueba.giohome.com.co\/es\/wp-json\/wp\/v2\/product_cat?post=3371"},{"taxonomy":"product_tag","embeddable":true,"href":"https:\/\/prueba.giohome.com.co\/es\/wp-json\/wp\/v2\/product_tag?post=3371"}],"curies":[{"name":"wp","href":"https:\/\/api.w.org\/{rel}","templated":true}]}}