{"id":3387,"date":"2026-01-21T21:11:10","date_gmt":"2026-01-21T21:11:10","guid":{"rendered":"https:\/\/prueba.giohome.com.co\/?post_type=product&#038;p=3387"},"modified":"2026-01-21T21:21:10","modified_gmt":"2026-01-21T21:21:10","slug":"mata-de-la-felicidad-artificial-180cm","status":"publish","type":"product","link":"https:\/\/prueba.giohome.com.co\/es\/producto\/mata-de-la-felicidad-artificial-180cm\/","title":{"rendered":"MATA DE LA FELICIDAD ARTIFICIAL 180CM"},"content":{"rendered":"","protected":false},"excerpt":{"rendered":"<p>La Mata de la Felicidad artificial de 180 cm es una pieza impresionante que aporta un toque de frescura y alegr\u00eda a cualquier espacio. Con su frondoso follaje verde y un dise\u00f1o realista, esta planta es ideal para decorar tanto interiores como exteriores protegidos. Su tama\u00f1o imponente y vibrante la convierten en un punto focal perfecto, ideal para quienes buscan una decoraci\u00f3n natural sin el esfuerzo del mantenimiento. Siempre lucir\u00e1 exuberante y saludable, creando un ambiente acogedor y lleno de vida.<\/p>","protected":false},"featured_media":3599,"comment_status":"closed","ping_status":"closed","template":"","meta":[],"product_brand":[],"product_cat":[239],"product_tag":[],"class_list":{"0":"post-3387","1":"product","2":"type-product","3":"status-publish","4":"has-post-thumbnail","6":"product_cat-plantas-artificiales","8":"first","9":"instock","10":"sale","11":"shipping-taxable","12":"purchasable","13":"product-type-simple","14":"col-md-3","15":" col-sm-6 col-12"},"_links":{"self":[{"href":"https:\/\/prueba.giohome.com.co\/es\/wp-json\/wp\/v2\/product\/3387","targetHints":{"allow":["GET"]}}],"collection":[{"href":"https:\/\/prueba.giohome.com.co\/es\/wp-json\/wp\/v2\/product"}],"about":[{"href":"https:\/\/prueba.giohome.com.co\/es\/wp-json\/wp\/v2\/types\/product"}],"replies":[{"embeddable":true,"href":"https:\/\/prueba.giohome.com.co\/es\/wp-json\/wp\/v2\/comments?post=3387"}],"wp:featuredmedia":[{"embeddable":true,"href":"https:\/\/prueba.giohome.com.co\/es\/wp-json\/wp\/v2\/media\/3599"}],"wp:attachment":[{"href":"https:\/\/prueba.giohome.com.co\/es\/wp-json\/wp\/v2\/media?parent=3387"}],"wp:term":[{"taxonomy":"product_brand","embeddable":true,"href":"https:\/\/prueba.giohome.com.co\/es\/wp-json\/wp\/v2\/product_brand?post=3387"},{"taxonomy":"product_cat","embeddable":true,"href":"https:\/\/prueba.giohome.com.co\/es\/wp-json\/wp\/v2\/product_cat?post=3387"},{"taxonomy":"product_tag","embeddable":true,"href":"https:\/\/prueba.giohome.com.co\/es\/wp-json\/wp\/v2\/product_tag?post=3387"}],"curies":[{"name":"wp","href":"https:\/\/api.w.org\/{rel}","templated":true}]}}