{"id":3810,"date":"2026-01-21T21:29:08","date_gmt":"2026-01-21T21:29:08","guid":{"rendered":"https:\/\/prueba.giohome.com.co\/?post_type=product&#038;p=3810"},"modified":"2026-01-21T21:35:27","modified_gmt":"2026-01-21T21:35:27","slug":"orquidea-98-cm-mariposa-x-9-petalos-amarilla","status":"publish","type":"product","link":"https:\/\/prueba.giohome.com.co\/es\/producto\/orquidea-98-cm-mariposa-x-9-petalos-amarilla\/","title":{"rendered":"ORQUIDEA 98 CM MARIPOSA X 9 PETALOS AMARILLA"},"content":{"rendered":"<p>Dale un toque de elegancia y frescura a tu hogar con esta impresionante orqu\u00eddea artificial de 98 cm. Con sus 9 p\u00e9talos en vibrante tono amarillo, captura la esencia de la naturaleza en su m\u00e1xima expresi\u00f3n. Perfecta para realzar cualquier rinc\u00f3n, desde salas hasta oficinas, esta flor es ideal para quienes buscan decoraci\u00f3n sofisticada sin el mantenimiento de las plantas naturales.<\/p>","protected":false},"excerpt":{"rendered":"<p><strong>Cantidad m\u00ednima de compra:<\/strong> Este producto tiene una cantidad m\u00ednima de compra de 3 unidades.<\/p>","protected":false},"featured_media":3931,"comment_status":"closed","ping_status":"closed","template":"","meta":[],"product_brand":[],"product_cat":[235],"product_tag":[],"class_list":{"0":"post-3810","1":"product","2":"type-product","3":"status-publish","4":"has-post-thumbnail","6":"product_cat-flores-artificiales","8":"first","9":"outofstock","10":"sale","11":"shipping-taxable","12":"purchasable","13":"product-type-simple","14":"col-md-3","15":" col-sm-6 col-12"},"_links":{"self":[{"href":"https:\/\/prueba.giohome.com.co\/es\/wp-json\/wp\/v2\/product\/3810","targetHints":{"allow":["GET"]}}],"collection":[{"href":"https:\/\/prueba.giohome.com.co\/es\/wp-json\/wp\/v2\/product"}],"about":[{"href":"https:\/\/prueba.giohome.com.co\/es\/wp-json\/wp\/v2\/types\/product"}],"replies":[{"embeddable":true,"href":"https:\/\/prueba.giohome.com.co\/es\/wp-json\/wp\/v2\/comments?post=3810"}],"wp:featuredmedia":[{"embeddable":true,"href":"https:\/\/prueba.giohome.com.co\/es\/wp-json\/wp\/v2\/media\/3931"}],"wp:attachment":[{"href":"https:\/\/prueba.giohome.com.co\/es\/wp-json\/wp\/v2\/media?parent=3810"}],"wp:term":[{"taxonomy":"product_brand","embeddable":true,"href":"https:\/\/prueba.giohome.com.co\/es\/wp-json\/wp\/v2\/product_brand?post=3810"},{"taxonomy":"product_cat","embeddable":true,"href":"https:\/\/prueba.giohome.com.co\/es\/wp-json\/wp\/v2\/product_cat?post=3810"},{"taxonomy":"product_tag","embeddable":true,"href":"https:\/\/prueba.giohome.com.co\/es\/wp-json\/wp\/v2\/product_tag?post=3810"}],"curies":[{"name":"wp","href":"https:\/\/api.w.org\/{rel}","templated":true}]}}