{"id":3870,"date":"2026-01-21T21:32:21","date_gmt":"2026-01-21T21:32:21","guid":{"rendered":"https:\/\/prueba.giohome.com.co\/?post_type=product&#038;p=3870"},"modified":"2026-01-21T21:35:55","modified_gmt":"2026-01-21T21:35:55","slug":"hoja-de-orquidea-33cm-x-5","status":"publish","type":"product","link":"https:\/\/prueba.giohome.com.co\/es\/producto\/hoja-de-orquidea-33cm-x-5\/","title":{"rendered":"HOJA DE ORQUIDEA 33CM X 5"},"content":{"rendered":"<p>A\u00f1ade un toque natural y elegante a tus decoraciones con este set de hojas artificiales de orqu\u00eddea de 33 cm. Su dise\u00f1o realista y tama\u00f1o equilibrado las hacen ideales para complementar arreglos florales o aportar frescura a cualquier ambiente.<\/p>","protected":false},"excerpt":{"rendered":"<p><strong>Cantidad m\u00ednima de compra:<\/strong> Este producto tiene una cantidad m\u00ednima de compra de 3 unidades.<\/p>","protected":false},"featured_media":3943,"comment_status":"closed","ping_status":"closed","template":"","meta":[],"product_brand":[],"product_cat":[235],"product_tag":[],"class_list":{"0":"post-3870","1":"product","2":"type-product","3":"status-publish","4":"has-post-thumbnail","6":"product_cat-flores-artificiales","8":"first","9":"outofstock","10":"sale","11":"shipping-taxable","12":"purchasable","13":"product-type-simple","14":"col-md-3","15":" col-sm-6 col-12"},"_links":{"self":[{"href":"https:\/\/prueba.giohome.com.co\/es\/wp-json\/wp\/v2\/product\/3870","targetHints":{"allow":["GET"]}}],"collection":[{"href":"https:\/\/prueba.giohome.com.co\/es\/wp-json\/wp\/v2\/product"}],"about":[{"href":"https:\/\/prueba.giohome.com.co\/es\/wp-json\/wp\/v2\/types\/product"}],"replies":[{"embeddable":true,"href":"https:\/\/prueba.giohome.com.co\/es\/wp-json\/wp\/v2\/comments?post=3870"}],"wp:featuredmedia":[{"embeddable":true,"href":"https:\/\/prueba.giohome.com.co\/es\/wp-json\/wp\/v2\/media\/3943"}],"wp:attachment":[{"href":"https:\/\/prueba.giohome.com.co\/es\/wp-json\/wp\/v2\/media?parent=3870"}],"wp:term":[{"taxonomy":"product_brand","embeddable":true,"href":"https:\/\/prueba.giohome.com.co\/es\/wp-json\/wp\/v2\/product_brand?post=3870"},{"taxonomy":"product_cat","embeddable":true,"href":"https:\/\/prueba.giohome.com.co\/es\/wp-json\/wp\/v2\/product_cat?post=3870"},{"taxonomy":"product_tag","embeddable":true,"href":"https:\/\/prueba.giohome.com.co\/es\/wp-json\/wp\/v2\/product_tag?post=3870"}],"curies":[{"name":"wp","href":"https:\/\/api.w.org\/{rel}","templated":true}]}}