{"id":3871,"date":"2026-01-21T21:32:21","date_gmt":"2026-01-21T21:32:21","guid":{"rendered":"https:\/\/prueba.giohome.com.co\/?post_type=product&#038;p=3871"},"modified":"2026-01-21T21:35:57","modified_gmt":"2026-01-21T21:35:57","slug":"hoja-de-orquidea-25cm-x-6","status":"publish","type":"product","link":"https:\/\/prueba.giohome.com.co\/es\/producto\/hoja-de-orquidea-25cm-x-6\/","title":{"rendered":"HOJA DE ORQUIDEA 25CM X 6"},"content":{"rendered":"<p>Complementa tus decoraciones con este set de hojas artificiales de orqu\u00eddea de 25 cm. Su dise\u00f1o compacto y realista es perfecto para dar un toque fresco y natural a arreglos florales, floreros o cualquier rinc\u00f3n de tu hogar u oficina.<\/p>","protected":false},"excerpt":{"rendered":"<p><strong>Cantidad m\u00ednima de compra:<\/strong> Este producto tiene una cantidad m\u00ednima de compra de 3 unidades.<\/p>","protected":false},"featured_media":3944,"comment_status":"closed","ping_status":"closed","template":"","meta":[],"product_brand":[],"product_cat":[235],"product_tag":[],"class_list":{"0":"post-3871","1":"product","2":"type-product","3":"status-publish","4":"has-post-thumbnail","6":"product_cat-flores-artificiales","8":"first","9":"outofstock","10":"sale","11":"shipping-taxable","12":"purchasable","13":"product-type-simple","14":"col-md-3","15":" col-sm-6 col-12"},"_links":{"self":[{"href":"https:\/\/prueba.giohome.com.co\/es\/wp-json\/wp\/v2\/product\/3871","targetHints":{"allow":["GET"]}}],"collection":[{"href":"https:\/\/prueba.giohome.com.co\/es\/wp-json\/wp\/v2\/product"}],"about":[{"href":"https:\/\/prueba.giohome.com.co\/es\/wp-json\/wp\/v2\/types\/product"}],"replies":[{"embeddable":true,"href":"https:\/\/prueba.giohome.com.co\/es\/wp-json\/wp\/v2\/comments?post=3871"}],"wp:featuredmedia":[{"embeddable":true,"href":"https:\/\/prueba.giohome.com.co\/es\/wp-json\/wp\/v2\/media\/3944"}],"wp:attachment":[{"href":"https:\/\/prueba.giohome.com.co\/es\/wp-json\/wp\/v2\/media?parent=3871"}],"wp:term":[{"taxonomy":"product_brand","embeddable":true,"href":"https:\/\/prueba.giohome.com.co\/es\/wp-json\/wp\/v2\/product_brand?post=3871"},{"taxonomy":"product_cat","embeddable":true,"href":"https:\/\/prueba.giohome.com.co\/es\/wp-json\/wp\/v2\/product_cat?post=3871"},{"taxonomy":"product_tag","embeddable":true,"href":"https:\/\/prueba.giohome.com.co\/es\/wp-json\/wp\/v2\/product_tag?post=3871"}],"curies":[{"name":"wp","href":"https:\/\/api.w.org\/{rel}","templated":true}]}}