{"id":3872,"date":"2026-01-21T21:32:22","date_gmt":"2026-01-21T21:32:22","guid":{"rendered":"https:\/\/prueba.giohome.com.co\/?post_type=product&#038;p=3872"},"modified":"2026-01-21T21:36:03","modified_gmt":"2026-01-21T21:36:03","slug":"orquidea-98-cm-mariposa-x-5-amarilla","status":"publish","type":"product","link":"https:\/\/prueba.giohome.com.co\/es\/producto\/orquidea-98-cm-mariposa-x-5-amarilla\/","title":{"rendered":"ORQUIDEA 98 CM MARIPOSA X 5  AMARILLA"},"content":{"rendered":"<p>A\u00f1ade un toque de color y elegancia a tu espacio con esta impresionante orqu\u00eddea artificial de 98 cm, con 5 p\u00e9talos en vibrante tono amarillo. Su dise\u00f1o delicado y realista ser\u00e1 el centro de atenci\u00f3n en cualquier rinc\u00f3n, brindando frescura y estilo a tu hogar o oficina.<\/p>","protected":false},"excerpt":{"rendered":"<p><strong>Cantidad m\u00ednima de compra:<\/strong> Este producto tiene una cantidad m\u00ednima de compra de 3 unidades.<\/p>","protected":false},"featured_media":3957,"comment_status":"closed","ping_status":"closed","template":"","meta":[],"product_brand":[],"product_cat":[235],"product_tag":[],"class_list":{"0":"post-3872","1":"product","2":"type-product","3":"status-publish","4":"has-post-thumbnail","6":"product_cat-flores-artificiales","8":"first","9":"outofstock","10":"sale","11":"shipping-taxable","12":"purchasable","13":"product-type-simple","14":"col-md-3","15":" col-sm-6 col-12"},"_links":{"self":[{"href":"https:\/\/prueba.giohome.com.co\/es\/wp-json\/wp\/v2\/product\/3872","targetHints":{"allow":["GET"]}}],"collection":[{"href":"https:\/\/prueba.giohome.com.co\/es\/wp-json\/wp\/v2\/product"}],"about":[{"href":"https:\/\/prueba.giohome.com.co\/es\/wp-json\/wp\/v2\/types\/product"}],"replies":[{"embeddable":true,"href":"https:\/\/prueba.giohome.com.co\/es\/wp-json\/wp\/v2\/comments?post=3872"}],"wp:featuredmedia":[{"embeddable":true,"href":"https:\/\/prueba.giohome.com.co\/es\/wp-json\/wp\/v2\/media\/3957"}],"wp:attachment":[{"href":"https:\/\/prueba.giohome.com.co\/es\/wp-json\/wp\/v2\/media?parent=3872"}],"wp:term":[{"taxonomy":"product_brand","embeddable":true,"href":"https:\/\/prueba.giohome.com.co\/es\/wp-json\/wp\/v2\/product_brand?post=3872"},{"taxonomy":"product_cat","embeddable":true,"href":"https:\/\/prueba.giohome.com.co\/es\/wp-json\/wp\/v2\/product_cat?post=3872"},{"taxonomy":"product_tag","embeddable":true,"href":"https:\/\/prueba.giohome.com.co\/es\/wp-json\/wp\/v2\/product_tag?post=3872"}],"curies":[{"name":"wp","href":"https:\/\/api.w.org\/{rel}","templated":true}]}}