{"id":3890,"date":"2026-01-21T21:33:22","date_gmt":"2026-01-21T21:33:22","guid":{"rendered":"https:\/\/prueba.giohome.com.co\/?post_type=product&#038;p=3890"},"modified":"2026-01-21T21:36:09","modified_gmt":"2026-01-21T21:36:09","slug":"orquidea-98-cm-mariposa-x-5-malva-oscuro","status":"publish","type":"product","link":"https:\/\/prueba.giohome.com.co\/es\/producto\/orquidea-98-cm-mariposa-x-5-malva-oscuro\/","title":{"rendered":"ORQUIDEA 98 CM MARIPOSA X 5 MALVA OSCURO"},"content":{"rendered":"<p>Dale a tu decoraci\u00f3n un toque sofisticado y \u00fanico con esta orqu\u00eddea artificial de 98 cm en un elegante tono malva oscuro. Sus 5 p\u00e9talos finamente dise\u00f1ados aportan un aire misterioso y moderno, ideal para realzar cualquier ambiente con su presencia.<\/p>","protected":false},"excerpt":{"rendered":"<p><strong>Cantidad m\u00ednima de compra:<\/strong> Este producto tiene una cantidad m\u00ednima de compra de 3 unidades.<\/p>","protected":false},"featured_media":3959,"comment_status":"closed","ping_status":"closed","template":"","meta":[],"product_brand":[],"product_cat":[235],"product_tag":[],"class_list":{"0":"post-3890","1":"product","2":"type-product","3":"status-publish","4":"has-post-thumbnail","6":"product_cat-flores-artificiales","8":"first","9":"outofstock","10":"sale","11":"shipping-taxable","12":"purchasable","13":"product-type-simple","14":"col-md-3","15":" col-sm-6 col-12"},"_links":{"self":[{"href":"https:\/\/prueba.giohome.com.co\/es\/wp-json\/wp\/v2\/product\/3890","targetHints":{"allow":["GET"]}}],"collection":[{"href":"https:\/\/prueba.giohome.com.co\/es\/wp-json\/wp\/v2\/product"}],"about":[{"href":"https:\/\/prueba.giohome.com.co\/es\/wp-json\/wp\/v2\/types\/product"}],"replies":[{"embeddable":true,"href":"https:\/\/prueba.giohome.com.co\/es\/wp-json\/wp\/v2\/comments?post=3890"}],"wp:featuredmedia":[{"embeddable":true,"href":"https:\/\/prueba.giohome.com.co\/es\/wp-json\/wp\/v2\/media\/3959"}],"wp:attachment":[{"href":"https:\/\/prueba.giohome.com.co\/es\/wp-json\/wp\/v2\/media?parent=3890"}],"wp:term":[{"taxonomy":"product_brand","embeddable":true,"href":"https:\/\/prueba.giohome.com.co\/es\/wp-json\/wp\/v2\/product_brand?post=3890"},{"taxonomy":"product_cat","embeddable":true,"href":"https:\/\/prueba.giohome.com.co\/es\/wp-json\/wp\/v2\/product_cat?post=3890"},{"taxonomy":"product_tag","embeddable":true,"href":"https:\/\/prueba.giohome.com.co\/es\/wp-json\/wp\/v2\/product_tag?post=3890"}],"curies":[{"name":"wp","href":"https:\/\/api.w.org\/{rel}","templated":true}]}}