{"id":3904,"date":"2026-01-21T21:33:58","date_gmt":"2026-01-21T21:33:58","guid":{"rendered":"https:\/\/prueba.giohome.com.co\/?post_type=product&#038;p=3904"},"modified":"2026-01-21T21:36:13","modified_gmt":"2026-01-21T21:36:13","slug":"tulipan-mediano-35-cm-x-1-blanco-rosado","status":"publish","type":"product","link":"https:\/\/prueba.giohome.com.co\/es\/producto\/tulipan-mediano-35-cm-x-1-blanco-rosado\/","title":{"rendered":"TULIPAN MEDIANO 35 CM X 1 BLANCO ROSADO"},"content":{"rendered":"<p>A\u00f1ade un toque suave y encantador a tu decoraci\u00f3n con este tulip\u00e1n artificial de 35 cm, en hermosos tonos blanco y rosado. Su dise\u00f1o delicado y elegante es ideal para crear ambientes frescos y luminosos, perfectos para realzar cualquier espacio, desde salas hasta oficinas.<\/p>","protected":false},"excerpt":{"rendered":"<p><strong>Cantidad m\u00ednima de compra:<\/strong> Este producto tiene una cantidad m\u00ednima de compra de 3 unidades.<\/p>","protected":false},"featured_media":3960,"comment_status":"closed","ping_status":"closed","template":"","meta":[],"product_brand":[],"product_cat":[235],"product_tag":[],"class_list":{"0":"post-3904","1":"product","2":"type-product","3":"status-publish","4":"has-post-thumbnail","6":"product_cat-flores-artificiales","8":"first","9":"outofstock","10":"sale","11":"shipping-taxable","12":"purchasable","13":"product-type-simple","14":"col-md-3","15":" col-sm-6 col-12"},"_links":{"self":[{"href":"https:\/\/prueba.giohome.com.co\/es\/wp-json\/wp\/v2\/product\/3904","targetHints":{"allow":["GET"]}}],"collection":[{"href":"https:\/\/prueba.giohome.com.co\/es\/wp-json\/wp\/v2\/product"}],"about":[{"href":"https:\/\/prueba.giohome.com.co\/es\/wp-json\/wp\/v2\/types\/product"}],"replies":[{"embeddable":true,"href":"https:\/\/prueba.giohome.com.co\/es\/wp-json\/wp\/v2\/comments?post=3904"}],"wp:featuredmedia":[{"embeddable":true,"href":"https:\/\/prueba.giohome.com.co\/es\/wp-json\/wp\/v2\/media\/3960"}],"wp:attachment":[{"href":"https:\/\/prueba.giohome.com.co\/es\/wp-json\/wp\/v2\/media?parent=3904"}],"wp:term":[{"taxonomy":"product_brand","embeddable":true,"href":"https:\/\/prueba.giohome.com.co\/es\/wp-json\/wp\/v2\/product_brand?post=3904"},{"taxonomy":"product_cat","embeddable":true,"href":"https:\/\/prueba.giohome.com.co\/es\/wp-json\/wp\/v2\/product_cat?post=3904"},{"taxonomy":"product_tag","embeddable":true,"href":"https:\/\/prueba.giohome.com.co\/es\/wp-json\/wp\/v2\/product_tag?post=3904"}],"curies":[{"name":"wp","href":"https:\/\/api.w.org\/{rel}","templated":true}]}}