{"id":3933,"date":"2026-01-21T21:35:36","date_gmt":"2026-01-21T21:35:36","guid":{"rendered":"https:\/\/prueba.giohome.com.co\/?post_type=product&#038;p=3933"},"modified":"2026-01-21T21:36:34","modified_gmt":"2026-01-21T21:36:34","slug":"rosa-x-4-de-74-cm-blanca-con-puntos-rojos","status":"publish","type":"product","link":"https:\/\/prueba.giohome.com.co\/es\/producto\/rosa-x-4-de-74-cm-blanca-con-puntos-rojos\/","title":{"rendered":"ROSA X 4 DE 74 CM BLANCA CON PUNTOS ROJOS"},"content":{"rendered":"<p>Dale un toque \u00fanico y sofisticado a tu decoraci\u00f3n con este set de 4 rosas artificiales de 74 cm, en un elegante tono blanco adornado con delicados puntos rojos. Su dise\u00f1o distintivo y realista es perfecto para aportar un aire rom\u00e1ntico y moderno a cualquier espacio.<\/p>","protected":false},"excerpt":{"rendered":"<p><strong>Cantidad m\u00ednima de compra:<\/strong> Este producto tiene una cantidad m\u00ednima de compra de 3 unidades.<\/p>","protected":false},"featured_media":3977,"comment_status":"closed","ping_status":"closed","template":"","meta":[],"product_brand":[],"product_cat":[235],"product_tag":[],"class_list":{"0":"post-3933","1":"product","2":"type-product","3":"status-publish","4":"has-post-thumbnail","6":"product_cat-flores-artificiales","8":"first","9":"outofstock","10":"sale","11":"shipping-taxable","12":"purchasable","13":"product-type-simple","14":"col-md-3","15":" col-sm-6 col-12"},"_links":{"self":[{"href":"https:\/\/prueba.giohome.com.co\/es\/wp-json\/wp\/v2\/product\/3933","targetHints":{"allow":["GET"]}}],"collection":[{"href":"https:\/\/prueba.giohome.com.co\/es\/wp-json\/wp\/v2\/product"}],"about":[{"href":"https:\/\/prueba.giohome.com.co\/es\/wp-json\/wp\/v2\/types\/product"}],"replies":[{"embeddable":true,"href":"https:\/\/prueba.giohome.com.co\/es\/wp-json\/wp\/v2\/comments?post=3933"}],"wp:featuredmedia":[{"embeddable":true,"href":"https:\/\/prueba.giohome.com.co\/es\/wp-json\/wp\/v2\/media\/3977"}],"wp:attachment":[{"href":"https:\/\/prueba.giohome.com.co\/es\/wp-json\/wp\/v2\/media?parent=3933"}],"wp:term":[{"taxonomy":"product_brand","embeddable":true,"href":"https:\/\/prueba.giohome.com.co\/es\/wp-json\/wp\/v2\/product_brand?post=3933"},{"taxonomy":"product_cat","embeddable":true,"href":"https:\/\/prueba.giohome.com.co\/es\/wp-json\/wp\/v2\/product_cat?post=3933"},{"taxonomy":"product_tag","embeddable":true,"href":"https:\/\/prueba.giohome.com.co\/es\/wp-json\/wp\/v2\/product_tag?post=3933"}],"curies":[{"name":"wp","href":"https:\/\/api.w.org\/{rel}","templated":true}]}}