{"id":3936,"date":"2026-01-21T21:35:36","date_gmt":"2026-01-21T21:35:36","guid":{"rendered":"https:\/\/prueba.giohome.com.co\/?post_type=product&#038;p=3936"},"modified":"2026-01-21T21:36:42","modified_gmt":"2026-01-21T21:36:42","slug":"rosa-x-4-de-74-cm-blanca","status":"publish","type":"product","link":"https:\/\/prueba.giohome.com.co\/es\/producto\/rosa-x-4-de-74-cm-blanca\/","title":{"rendered":"ROSA X 4 DE 74 CM  BLANCA"},"content":{"rendered":"<p>A\u00f1ade un toque de elegancia y pureza a tu decoraci\u00f3n con este set de 4 rosas artificiales de 74 cm en un radiante tono blanco. Con su dise\u00f1o realista y delicado, estas rosas son perfectas para crear un ambiente sereno y sofisticado en cualquier rinc\u00f3n de tu hogar o evento especial.<\/p>","protected":false},"excerpt":{"rendered":"<p><strong>Cantidad m\u00ednima de compra:<\/strong> Este producto tiene una cantidad m\u00ednima de compra de 3 unidades.<\/p>","protected":false},"featured_media":3980,"comment_status":"closed","ping_status":"closed","template":"","meta":[],"product_brand":[],"product_cat":[235],"product_tag":[],"class_list":{"0":"post-3936","1":"product","2":"type-product","3":"status-publish","4":"has-post-thumbnail","6":"product_cat-flores-artificiales","8":"first","9":"outofstock","10":"sale","11":"shipping-taxable","12":"purchasable","13":"product-type-simple","14":"col-md-3","15":" col-sm-6 col-12"},"_links":{"self":[{"href":"https:\/\/prueba.giohome.com.co\/es\/wp-json\/wp\/v2\/product\/3936","targetHints":{"allow":["GET"]}}],"collection":[{"href":"https:\/\/prueba.giohome.com.co\/es\/wp-json\/wp\/v2\/product"}],"about":[{"href":"https:\/\/prueba.giohome.com.co\/es\/wp-json\/wp\/v2\/types\/product"}],"replies":[{"embeddable":true,"href":"https:\/\/prueba.giohome.com.co\/es\/wp-json\/wp\/v2\/comments?post=3936"}],"wp:featuredmedia":[{"embeddable":true,"href":"https:\/\/prueba.giohome.com.co\/es\/wp-json\/wp\/v2\/media\/3980"}],"wp:attachment":[{"href":"https:\/\/prueba.giohome.com.co\/es\/wp-json\/wp\/v2\/media?parent=3936"}],"wp:term":[{"taxonomy":"product_brand","embeddable":true,"href":"https:\/\/prueba.giohome.com.co\/es\/wp-json\/wp\/v2\/product_brand?post=3936"},{"taxonomy":"product_cat","embeddable":true,"href":"https:\/\/prueba.giohome.com.co\/es\/wp-json\/wp\/v2\/product_cat?post=3936"},{"taxonomy":"product_tag","embeddable":true,"href":"https:\/\/prueba.giohome.com.co\/es\/wp-json\/wp\/v2\/product_tag?post=3936"}],"curies":[{"name":"wp","href":"https:\/\/api.w.org\/{rel}","templated":true}]}}